{"id":937,"date":"2023-11-23T10:11:36","date_gmt":"2023-11-23T10:11:36","guid":{"rendered":"https:\/\/mclean.hr\/?page_id=937"},"modified":"2023-11-23T10:19:20","modified_gmt":"2023-11-23T10:19:20","slug":"politika-privatnosti","status":"publish","type":"page","link":"https:\/\/mclean.hr\/index.php\/politika-privatnosti\/","title":{"rendered":"Politika privatnosti"},"content":{"rendered":"\t\t<div data-elementor-type=\"wp-page\" data-elementor-id=\"937\" class=\"elementor elementor-937\">\n\t\t\t\t\t\t<section class=\"elementor-section elementor-top-section elementor-element elementor-element-4318ec8 elementor-section-boxed elementor-section-height-default elementor-section-height-default\" data-id=\"4318ec8\" data-element_type=\"section\" data-e-type=\"section\">\n\t\t\t\t\t\t<div class=\"elementor-container elementor-column-gap-default\">\n\t\t\t\t\t<div class=\"elementor-column elementor-col-100 elementor-top-column elementor-element elementor-element-13fd720\" data-id=\"13fd720\" data-element_type=\"column\" data-e-type=\"column\">\n\t\t\t<div class=\"elementor-widget-wrap elementor-element-populated\">\n\t\t\t\t\t\t<div class=\"elementor-element elementor-element-42ee573 elementor-widget elementor-widget-heading\" data-id=\"42ee573\" data-element_type=\"widget\" data-e-type=\"widget\" data-widget_type=\"heading.default\">\n\t\t\t\t<div class=\"elementor-widget-container\">\n\t\t\t\t\t<h2 class=\"elementor-heading-title elementor-size-default\">POLITIKA PRIVATNOSTI<\/h2>\t\t\t\t<\/div>\n\t\t\t\t<\/div>\n\t\t\t\t<div class=\"elementor-element elementor-element-777fb79 elementor-widget elementor-widget-text-editor\" data-id=\"777fb79\" data-element_type=\"widget\" data-e-type=\"widget\" data-widget_type=\"text-editor.default\">\n\t\t\t\t<div class=\"elementor-widget-container\">\n\t\t\t\t\t\t\t\t\t<p>GDPR je naziv za Uredbu 2016\/679 Europskog parlamenta i vije\u0107a od 27. travnja 2016. godine o za\u0161titi pojedinaca u vezi s obradom osobnih podataka i o slobodnom kretanju takvih podataka te o stavljanju izvan snage Direktive 95\/46\/EZ (Op\u0107a uredba o za\u0161titi podataka).<\/p><p>VODITELJ OBRADE je fizi\u010dka ili pravna osoba koja odre\u0111uje svrhu i sredstva obrade osobnih podataka.<\/p><p>IZVR\u0160ITELJ OBRADE je fizi\u010dka ili pravna osoba koja obra\u0111uje osobne podatke u ime voditelja obrade.<\/p><p>Mclean, obrt za usluge, Frane Mladeni\u0107a 9, Rijeka 51000, OIB: 68982036317 koga zastupa<br \/>direktorica Matea Bi\u0107ani\u0107 (u nastavku: Dru\u0161tvo).<\/p><p>Dru\u0161tvo brine za Va\u0161u privatnost i za\u0161titu Va\u0161ih osobnih podataka. Ovu izjavu o privatnosti objavili smo kako bismo Vas obavijestili o na\u010dinima skupljanja i obrade osobnih podataka koje imamo o Vama, o zakonskim temeljima na kojima ih prikupljamo i obra\u0111ujemo, o Va\u0161im osobnim pravima koja imate u vezi svojih osobnih podataka te na\u010dinima kako svoja prava mo\u017eete ostvariti ili za\u0161tititi. Stoga vas ljubazno molimo da detaljno pro\u010ditate ovu Izjavu i da povremeno provjerite ovu stranicu radi eventualnih a\u017euriranja Izjave u budu\u0107nosti.<\/p><p><b>O nama<\/b><\/p><p>Mclean, obrt za usluge, Frane Mladeni\u0107a 9, Rijeka 51000, OIB: 68982036317\u00a0<br \/>je voditelj obrade va\u0161ih podataka (dalje u tekstu: \u201emi\u201c, \u201enas\u201c i sl.) u smislu Op\u0107e uredbe o za\u0161titi podataka.<br \/>Ova Izjava pokriva podatke koje o vama prikupimo putem interneta, odnosno posredstvom e-maila, web stranice mclean.hr te ostalih povezanih sredstava komunikacije. Eventualne poveznice koje se nalaze na na\u0161em web-mjestu, a vode do drugih web-stranica nisu pokrivene ovom Izjavom i ne mo\u017eemo odgovarati za njihov sadr\u017eaj ili praksu obrade podataka.<\/p><p><b>Koje osobne podatke prikupljamo?<br \/><\/b>Tijekom kori\u0161tenja web-stranice o vama mo\u017eemo prikupiti nekoliko vrsta podataka koji se samostalno ili u kombinaciji s ostalim podacima mogu smatrati osobnima.To su:<\/p><ul><li>Ime i prezime<\/li><li>Adresa<\/li><li>Broj telefona<\/li><li>E-mail adresa<\/li><li>Va\u0161a IP adresa<\/li><\/ul><p><b>Kada prikupljamo Va\u0161e osobne podatke?<br \/><\/b>Postoji vi\u0161e situacija tijekom kojih mo\u017eemo prikupljati va\u0161e osobne podatke:<\/p><ul><li>kad nam osobne podatke svojevoljno pru\u017eite, na primjer kad ispunite obrazac za narud\u017ebu ili registraciju korisnika, kad nas nazovete na broj telefona naveden na web stranici, po\u0161aljete nam e-mail ili nam se obratite putem kontakt obrasca;<\/li><li>kad posjetite na\u0161u web stranicu, npr. podaci o IP adresi koji se mogu automatski prikupljati kad je to nu\u017eno potrebno za sigurnost i ispravan rad stranice;<\/li><li>kad nas nazovete, u kojem slu\u010daju razgovor mo\u017ee biti sniman;<\/li><li>kad podatke dobijemo od tre\u0107ih strana u skladu sa zakonom, o \u010demu \u0107emo vas obavijestiti u roku od 30 dana od zaprimanja tih podataka ili tijekom prvog uspostavljanja kontakta.<\/li><\/ul><p>Ne prikupljamo podatke maloljetnih osoba niti istima nudimo svoje usluge. Ne obra\u0111ujemo posebne kategorije osobnih podataka u smislu \u010dl. 9. Op\u0107e uredbe.<\/p><p><b>Svrhe kori\u0161tenja Va\u0161ih osobnih podataka<br \/><\/b><\/p><p>Va\u0161e osobne podatke prikupljamo i obra\u0111ujemo:<\/p><ul><li>radi obrade Va\u0161e narud\u017ebe putem web shopa, u svrhu izdavanja ra\u010duna;<\/li><li>radi registracije novog korisni\u010dkog ra\u010duna;<\/li><li>radi komunikacije i odgovora na va\u0161e upite i zahtjeve za suradnju;<\/li><li>radi organizacije nagradnih natje\u010daja i objave imena dobitnika;<\/li><li>radi analize posjeta web-stranici i personalizacije korisni\u010dkog iskustva;<\/li><li>radi slanja promotivnih poruka i newslettera.<\/li><\/ul><p>Zadr\u017eavamo pravo proslje\u0111ivanja va\u0161ih osobnih podataka tre\u0107im stranama (na\u0161im stru\u010dnim suradnicima i\/ili tvrtkama s kojima pru\u017eamo usluge) u svrhu pru\u017eanja kvalitetnije usluge ili ako od nas to zatra\u017eite. Isto tako, zadr\u017eavamo pravo javne objave imena dobitnika nagradnih natje\u010daja na temelju na\u0161eg legitimnog interesa, odnosno \u010duvanja transparentnosti i regularnosti samog natje\u010daja.<\/p><p><b>Primatelji podataka<\/b><\/p><p>Va\u0161e osobne podatke ne proslje\u0111ujemo tre\u0107im stranama, osim ako nismo na to obvezni temeljem zakona.<br \/>Va\u0161e osobne podatke ne proslje\u0111ujemo u tre\u0107e zemlje koje nisu obuhva\u0107ene odlukama adekvatnosti Europske komisije ili \u0160titom privatnosti (odlukom o prijenosu podataka izme\u0111u SAD-a i EU-a koja propisuje razinu za\u0161tite ekvivalentnu onoj EU-a). Podaci o posjeti i identifikatori mogu se prenositi u SAD kod voditelja obrade Google Inc.<\/p><p><b>Izvr\u0161itelji obrade<\/b><\/p><p>Va\u0161e osobne podatke mo\u017eemo proslijediti tre\u0107im stranama poput knjigovodstvenog servisa, vr\u0161iteljima usluge naplate kreditnih kartica ili kurirskoj slu\u017ebi radi isporuke narud\u017ebe. Sa svim izvr\u0161iteljima obrade imamo valjanje ugovore o za\u0161titi podataka koje na\u0161e partnere obvezuju na \u010duvanje Va\u0161ih osobnih podataka u skladu sa va\u017ee\u0107im zakonskim propisima.<\/p><p><b>Kori\u0161tenje kola\u010di\u0107a i drugih identifikatora<\/b><\/p><p>Prilikom posjeta na\u0161oj web-stranici, od va\u0161eg preglednika mo\u017eemo prikupiti sljede\u0107e podatke:<\/p><ul><li>IP adresu<\/li><li>Vrijeme pristupa<\/li><li>Identifikatore (preglednik, operativni sustav, jezik i sl.)<\/li><li>Prethodnu web-stranicu s koje se pristupilo (referrer)<\/li><li>Sadr\u017eaj ko\u0161arice<\/li><\/ul><p>Ti se podaci prikupljaju radi osiguravanja stabilnosti poslu\u017eitelja, pobolj\u0161avanja sigurnosti, boljeg korisni\u010dkog iskustva i lak\u0161eg iskustva kupovine. Ove aktivnosti skupljanja podataka temelje se na na\u0161em legitimnom interesu.<\/p><p>Vi\u0161e podataka o kola\u010di\u0107ima mo\u017eete saznati u na\u0161oj Izjavi o kola\u010di\u0107ima.<\/p><p><b>Za\u0161tita podataka<\/b><\/p><p>Za za\u0161titu Va\u0161ih podataka koje \u0161aljete preko ove web stranice, koristimo fizi\u010dke, tehni\u010dke i organizacijske mjere sigurnosti. Svi va\u0161i osobni podaci u na\u0161em posjedu \u010duvaju se na zakonom primjeren na\u010din. U pravilu koristimo HTTPS sustav kriptiranja \u010dime se podaci \u0161tite od neovla\u0161tenog pristupa. Poruke e-po\u0161te pohranjene su na sigurnim poslu\u017eiteljima i za\u0161ti\u0107ene lozinkama. Ako nije prijeko potrebno, va\u0161e podatke ne\u0107emo umna\u017eati i ispisivati, osim u svrhu izrade redovnih sigurnosnih kopija.<\/p><p>Pristup Va\u0161im osobnim podacima imaju zaposlenici kojima te informacije koriste kako bi Vam pru\u017eili neke koristi ili usluge. Eventualni suradnici i ostali izvr\u0161itelji obrade jam\u010de jednaku ili vi\u0161u razinu za\u0161tite podataka od one navedenoj u ovoj Izjavi.<\/p><p><b>Razdoblje i mjesto pohrane<\/b><\/p><p>Podatke koje od Vas dobijemo na temelju privole u pravilu pohranjujemo dok istu ne povu\u010dete. U suprotnom, podatke pohranjujemo koliko je to potrebno za izvr\u0161avanje ugovornih i\/ili zakonskih obveza, a najmanje dvije godine. Podatke o komunikaciji (npr. kad nam se obratite) dr\u017eimo najmanje 5 godina. Podatke telefonskih razgovora pohranjujemo na razdoblje od 2 godine.<\/p><p>Osobni podaci pohranjuju se u prostorijama tvrtke u adekvatno za\u0161ti\u0107enim prostorijama te na poslu\u017eitelju tvrtke i tre\u0107ih strana u Republici Hrvatskoj.<\/p><p><b>Va\u0161a zakonska prava<\/b><\/p><p>Prema Op\u0107oj uredbi o za\u0161titi podataka, svim ispitanicima (osobama koji ostavljaju svoje osobne podatke) pripadaju odre\u0111ena prava koja mogu ostvariti u bilo kojem trenutku javljanjem voditelju obrade.<br \/>Ako imate bilo kakva pitanja ili \u017eelite ostvariti neko od dolje navedenih prava, molimo Vas da nam se obratite na mclean.rijeka@gmail.com ili na broj 0917684677.<br \/>Na Va\u0161e \u0107emo zahtjeve u pravilu odgovoriti u roku 30 dana.<\/p><p><b>Pravo pristupa i informiranja<\/b><\/p><p>Na va\u0161 \u0107emo vam zahtjev dostaviti izvje\u0161\u0107e o svim va\u0161im osobnim podacima kojima raspola\u017eemo i omogu\u0107iti vam uvid u iste. Ako ne raspola\u017eemo va\u0161im osobnim podacima, o tome \u0107emo vas tako\u0111er obavijestiti.\u00a0Ako ste nam osobne podatke dostavili prilikom registracije kupca, odnosno \u010dlana, svoje podatke mo\u017eete uvijek pregledati i iz svog korisni\u010dkog profila.<\/p><p><b>Pravo ispravka<\/b><\/p><p>Ako utvrdite neto\u010dnosti u osobnim podacima kojima raspola\u017eemo, na va\u0161 \u0107emo ih zahtjev ispraviti, uz dostavljanje to\u010dnih informacija. Tijekom obrade zahtjeva u pravilu \u0107emo, kadgod je mogu\u0107e, privremeno obustaviti obradu spornih podataka.<br \/>Ako ste nam osobne podatke dostavili prilikom registracije kupca, odnosno \u010dlana, svoje podatke mo\u017eete uvijek izmijeniti i pregledati i iz svog korisni\u010dkog profila.<\/p><p><b>Pravo na brisanje (pravo na zaborav)<\/b><\/p><p>Imate pravo zahtijevati brisanje svojih osobnih podataka kojima raspola\u017eemo ako je barem jedan od ovih uvjeta zadovoljen:<\/p><ul><li>podatke obra\u0111ujemo na nezakonit na\u010din;<\/li><li>va\u0161e podatke koristimo u svrhu izravnog marketinga temeljenog na legitimnom interesu;<\/li><li>nema zakonske osnove za pohranu podataka;<\/li><li>podaci vi\u0161e nisu potrebni za ispunjenje svrhe u koju su prikupljeni;<\/li><li>postoji zakonska obveza za njihovo brisanje;<\/li><li>povukli ste privolu za njihovu obradu.<\/li><\/ul><p>Ova prava proizlaze iz \u010dl. 17. st. 1. Op\u0107e uredbe. Napominjemo da je pravo ograni\u010deno i da ne\u0107emo biti u mogu\u0107nosti u svim slu\u010dajevima na va\u0161 zahtjev obrisati osobne podatke, npr. ako imamo zakonsku obvezu iste \u010duvati.<\/p><p><strong>Pravo na ograni\u010denje obrade<\/strong><\/p><p>mo\u017eete od nas tra\u017eiti da privremeno obustavimo obradu ako:<\/p><p>smatrate da su podaci neto\u010dni (poslali ste zahtjev za ispravkom), su podaci nezakonito obra\u0111eni, ali ne \u017eelite izbrisati podatke<br \/>su Vam podaci potrebni za obranu, postavljanje ili ostvarivanje pravnih zahtjeva, \u010dak iako ih mi vi\u0161e ne trebam, o\u010dekujete potvrdu nadilaze li na\u0161i legitimni razlozi za obradu Va\u0161e, nakon upu\u0107enog prigovora na obradu.<\/p><p><strong>Pravo na prenosivost podataka<\/strong><\/p><p>Na va\u0161 \u0107emo vam zahtjev dostaviti kopiju Va\u0161ih podataka u uobi\u010dajeno upotrebljavanom i strojno \u010ditljivom formatu. Mo\u017eete zatra\u017eiti da te podatke prenesemo i izravno drugom voditelju obrade kojeg nam navedete.<\/p><p><strong>Pravo na prigovor<\/strong><\/p><p>U svakom trenutku imate pravo usprotiviti se na\u0161oj obradi va\u0161ih osobnih podataka temeljenoj na legitimnom interesu. Nakon zaprimanja prigovora utvrdit \u0107emo nadilaze li na\u0161i legitimni interesi eventualne rizike po va\u0161a prava i slobode.<\/p><p><strong>Pravo pritu\u017ebe nadle\u017enom tijelu<\/strong><\/p><p>Trudimo se va\u0161e osobne podatke obra\u0111ivati na transparentan i po\u0161ten na\u010din, u skladu sa zakonom.<\/p><p>Ipak, ako smatrate da na nezakonit na\u010din obra\u0111ujemo va\u0161e podatke ili spor ne mo\u017eemo rije\u0161iti mirnim putem, imate pravo uputiti \u017ealbu nadle\u017enom tijelu u dr\u017eavi \u010dlanici EU-a u kojoj imate prebivali\u0161te ili izravno Agenciji za za\u0161titi osobnih podataka, Marti\u0107eva 14, 10000 Zagreb; azop@azop.hr.<\/p><p><strong>Obavje\u0161tavanje o povredi osobnih podataka<\/strong><\/p><p>U slu\u010daju da do\u0111e do povrede osobnih podataka (\u0161to uklju\u010duje, ali nije ograni\u010deno na kra\u0111u, gubitak, neovla\u0161teno prikazivanje, umna\u017eanje i otkrivanje) s mogu\u0107im zna\u010dajnim negativnim utjecajem na Va\u0161a prava i slobode, du\u017eni smo Vas i nadzorno tijelo o tome obavijestiti \u0161to je prije mogu\u0107e, a najkasnije 72 sata od na\u0161eg saznanja za povredu.<\/p><p><strong>Obavijest o povredi nismo Vam du\u017eni poslati samo u slu\u010dajevima:<\/strong><\/p><p>ako postoje tehni\u010dke i organizacijske mjere za\u0161tite (poput enkripcije) koje su primijenjene na osobne podatke pogo\u0111ene povredom osobnih podataka, koje te podatke \u010dine nerazumljiva bilo kojoj osobi koja im nije ovla\u0161tena pristupiti;<br \/>ako smo poduzeli naknadne mjere kojima se osigurava da vi\u0161e nije vjerojatno da \u0107e do\u0107i do visokog rizika za prava i slobode pojedinaca;<br \/>ako bi to iziskivalo nerazmjeran napor (u tom slu\u010daju \u0107emo Vas obavijestiti putem sredstava javnog obavje\u0161\u0107ivanja ili sli\u010dne jednako djelotvorne mjere).<\/p><p><strong>Kontaktirati nas mo\u017eete na:<\/strong><\/p><p>Mobitel: 099 516 5430<\/p><p>Email:<br \/>mclean.rijeka@gmail.com<\/p><p>Po\u0161ta: Frane Mladeni\u0107a 9, Rijeka 51000<\/p><p>Promjene ove Izjave<\/p><p>Zadr\u017eavamo pravo a\u017euriranja ove Izjave. Najnovija ina\u010dica bit \u0107e objavljena na ovoj stranici.<\/p><p>Datum zadnje promjene: 23.11.2023.<\/p>\t\t\t\t\t\t\t\t<\/div>\n\t\t\t\t<\/div>\n\t\t\t\t\t<\/div>\n\t\t<\/div>\n\t\t\t\t\t<\/div>\n\t\t<\/section>\n\t\t\t\t<\/div>\n\t\t","protected":false},"excerpt":{"rendered":"<p>POLITIKA PRIVATNOSTI GDPR je naziv za Uredbu 2016\/679 Europskog parlamenta i vije\u0107a od 27. travnja 2016. godine o za\u0161titi pojedinaca u vezi s obradom osobnih podataka i o slobodnom kretanju takvih podataka te o stavljanju izvan snage Direktive 95\/46\/EZ (Op\u0107a uredba o za\u0161titi podataka). VODITELJ OBRADE je fizi\u010dka ili pravna osoba koja odre\u0111uje svrhu i [&hellip;]<\/p>\n","protected":false},"author":1,"featured_media":0,"parent":0,"menu_order":0,"comment_status":"closed","ping_status":"closed","template":"","meta":{"ocean_post_layout":"","ocean_both_sidebars_style":"","ocean_both_sidebars_content_width":0,"ocean_both_sidebars_sidebars_width":0,"ocean_sidebar":"0","ocean_second_sidebar":"0","ocean_disable_margins":"enable","ocean_add_body_class":"","ocean_shortcode_before_top_bar":"","ocean_shortcode_after_top_bar":"","ocean_shortcode_before_header":"","ocean_shortcode_after_header":"","ocean_has_shortcode":"","ocean_shortcode_after_title":"","ocean_shortcode_before_footer_widgets":"","ocean_shortcode_after_footer_widgets":"","ocean_shortcode_before_footer_bottom":"","ocean_shortcode_after_footer_bottom":"","ocean_display_top_bar":"default","ocean_display_header":"default","ocean_header_style":"","ocean_center_header_left_menu":"0","ocean_custom_header_template":"0","ocean_custom_logo":0,"ocean_custom_retina_logo":0,"ocean_custom_logo_max_width":0,"ocean_custom_logo_tablet_max_width":0,"ocean_custom_logo_mobile_max_width":0,"ocean_custom_logo_max_height":0,"ocean_custom_logo_tablet_max_height":0,"ocean_custom_logo_mobile_max_height":0,"ocean_header_custom_menu":"0","ocean_menu_typo_font_family":"0","ocean_menu_typo_font_subset":"","ocean_menu_typo_font_size":0,"ocean_menu_typo_font_size_tablet":0,"ocean_menu_typo_font_size_mobile":0,"ocean_menu_typo_font_size_unit":"px","ocean_menu_typo_font_weight":"","ocean_menu_typo_font_weight_tablet":"","ocean_menu_typo_font_weight_mobile":"","ocean_menu_typo_transform":"","ocean_menu_typo_transform_tablet":"","ocean_menu_typo_transform_mobile":"","ocean_menu_typo_line_height":0,"ocean_menu_typo_line_height_tablet":0,"ocean_menu_typo_line_height_mobile":0,"ocean_menu_typo_line_height_unit":"","ocean_menu_typo_spacing":0,"ocean_menu_typo_spacing_tablet":0,"ocean_menu_typo_spacing_mobile":0,"ocean_menu_typo_spacing_unit":"","ocean_menu_link_color":"","ocean_menu_link_color_hover":"","ocean_menu_link_color_active":"","ocean_menu_link_background":"","ocean_menu_link_hover_background":"","ocean_menu_link_active_background":"","ocean_menu_social_links_bg":"","ocean_menu_social_hover_links_bg":"","ocean_menu_social_links_color":"","ocean_menu_social_hover_links_color":"","ocean_disable_title":"default","ocean_disable_heading":"default","ocean_post_title":"","ocean_post_subheading":"","ocean_post_title_style":"","ocean_post_title_background_color":"","ocean_post_title_background":0,"ocean_post_title_bg_image_position":"","ocean_post_title_bg_image_attachment":"","ocean_post_title_bg_image_repeat":"","ocean_post_title_bg_image_size":"","ocean_post_title_height":0,"ocean_post_title_bg_overlay":0.5,"ocean_post_title_bg_overlay_color":"","ocean_disable_breadcrumbs":"default","ocean_breadcrumbs_color":"","ocean_breadcrumbs_separator_color":"","ocean_breadcrumbs_links_color":"","ocean_breadcrumbs_links_hover_color":"","ocean_display_footer_widgets":"default","ocean_display_footer_bottom":"default","ocean_custom_footer_template":"0","iawp_total_views":7,"footnotes":""},"class_list":["post-937","page","type-page","status-publish","hentry","entry"],"aioseo_notices":[],"_links":{"self":[{"href":"https:\/\/mclean.hr\/index.php\/wp-json\/wp\/v2\/pages\/937","targetHints":{"allow":["GET"]}}],"collection":[{"href":"https:\/\/mclean.hr\/index.php\/wp-json\/wp\/v2\/pages"}],"about":[{"href":"https:\/\/mclean.hr\/index.php\/wp-json\/wp\/v2\/types\/page"}],"author":[{"embeddable":true,"href":"https:\/\/mclean.hr\/index.php\/wp-json\/wp\/v2\/users\/1"}],"replies":[{"embeddable":true,"href":"https:\/\/mclean.hr\/index.php\/wp-json\/wp\/v2\/comments?post=937"}],"version-history":[{"count":7,"href":"https:\/\/mclean.hr\/index.php\/wp-json\/wp\/v2\/pages\/937\/revisions"}],"predecessor-version":[{"id":946,"href":"https:\/\/mclean.hr\/index.php\/wp-json\/wp\/v2\/pages\/937\/revisions\/946"}],"wp:attachment":[{"href":"https:\/\/mclean.hr\/index.php\/wp-json\/wp\/v2\/media?parent=937"}],"curies":[{"name":"wp","href":"https:\/\/api.w.org\/{rel}","templated":true}]}}